{"id":332,"date":"2023-12-30T20:28:56","date_gmt":"2023-12-31T01:28:56","guid":{"rendered":"https:\/\/escalerelax.ca\/?page_id=332"},"modified":"2025-12-24T09:54:57","modified_gmt":"2025-12-24T14:54:57","slug":"contact","status":"publish","type":"page","link":"https:\/\/escalerelax.ca\/en\/contact\/","title":{"rendered":"Contact"},"content":{"rendered":"<p class=\"has-medium-font-size\"><\/p>\n\n\n\n<p class=\"has-small-font-size\">Call\/Text: <strong>343 552-1068<\/strong><\/p>\n\n\n\n<p class=\"has-small-font-size\">WhatsApp Business: <strong>343 545 8587<\/strong><\/p>\n\n\n\n<p class=\"has-small-font-size\">Email: <strong>marianne.escalerelax@gmail.com<\/strong><\/p>\n\n\n\n<p class=\"has-small-font-size\">758 Putney Cres<\/p>\n\n\n\n<p class=\"has-small-font-size\">Stittsville, ON, K2S 2P1<\/p>\n\n\n\n<p class=\"has-small-font-size\"><\/p>\n\n\n\n<div style=\"height:56px\" aria-hidden=\"true\" class=\"wp-block-spacer\"><\/div>\n\n\n\n<p class=\"has-medium-font-size\">Open by appointment only during the following hours<\/p>\n\n\n\n<div style=\"height:39px\" aria-hidden=\"true\" class=\"wp-block-spacer\"><\/div>\n\n\n\n<p><strong>The institute will be closed from December 24 to Monday, December 29. Happy holidays!<\/strong><\/p>\n\n\n\n<div style=\"height:15px\" aria-hidden=\"true\" class=\"wp-block-spacer\"><\/div>\n\n\n\n<ul class=\"wp-block-list\">\n<li><strong>Sunday: Closed<\/strong><\/li>\n\n\n\n<li><strong>Monday: Closed<\/strong><\/li>\n\n\n\n<li><strong>Tuesday: 2pm-7pm<\/strong><\/li>\n\n\n\n<li><strong>Wednesday: 2pm-7pm<\/strong> <\/li>\n\n\n\n<li><strong>Thursday: 2pm-7pm<\/strong><\/li>\n\n\n\n<li><strong>Friday: 2pm-7pm<\/strong><\/li>\n\n\n\n<li><strong>Saturday: 10am-7pm<\/strong><\/li>\n<\/ul>\n\n\n\n<p><\/p>","protected":false},"excerpt":{"rendered":"<p>T\u00e9l\u00e9phone\/Texte: 343 552-1068 WhatsApp Business: 343 545 8587 Email: marianne.escalerelax@gmail.com 758 Putney Cres Stittsville, ON, K2S 2P1 Ouvert uniquement sur rendez-vous dans les plages horaires suivantes: Institut ferm\u00e9 du 24 d\u00e9cembre au lundi 29 d\u00e9cembre. Joyeuses fetes!<\/p>","protected":false},"author":1,"featured_media":0,"parent":0,"menu_order":0,"comment_status":"closed","ping_status":"closed","template":"","meta":{"_monsterinsights_skip_tracking":false,"_monsterinsights_sitenote_active":false,"_monsterinsights_sitenote_note":"","_monsterinsights_sitenote_category":0,"footnotes":""},"class_list":["post-332","page","type-page","status-publish","hentry"],"aioseo_notices":[],"_links":{"self":[{"href":"https:\/\/escalerelax.ca\/en\/wp-json\/wp\/v2\/pages\/332","targetHints":{"allow":["GET"]}}],"collection":[{"href":"https:\/\/escalerelax.ca\/en\/wp-json\/wp\/v2\/pages"}],"about":[{"href":"https:\/\/escalerelax.ca\/en\/wp-json\/wp\/v2\/types\/page"}],"author":[{"embeddable":true,"href":"https:\/\/escalerelax.ca\/en\/wp-json\/wp\/v2\/users\/1"}],"replies":[{"embeddable":true,"href":"https:\/\/escalerelax.ca\/en\/wp-json\/wp\/v2\/comments?post=332"}],"version-history":[{"count":45,"href":"https:\/\/escalerelax.ca\/en\/wp-json\/wp\/v2\/pages\/332\/revisions"}],"predecessor-version":[{"id":810,"href":"https:\/\/escalerelax.ca\/en\/wp-json\/wp\/v2\/pages\/332\/revisions\/810"}],"wp:attachment":[{"href":"https:\/\/escalerelax.ca\/en\/wp-json\/wp\/v2\/media?parent=332"}],"curies":[{"name":"wp","href":"https:\/\/api.w.org\/{rel}","templated":true}]}}