{"id":58,"date":"2023-10-17T22:19:27","date_gmt":"2023-10-18T02:19:27","guid":{"rendered":"https:\/\/escalerelax.ca\/?page_id=58"},"modified":"2025-11-27T21:03:42","modified_gmt":"2025-11-28T02:03:42","slug":"prestations","status":"publish","type":"page","link":"https:\/\/escalerelax.ca\/en\/prestations\/","title":{"rendered":"Services"},"content":{"rendered":"<p class=\"has-medium-font-size\"><strong>I offer personalized services for women only. I use a holistic approach (healthy and natural) to reveal your beauty! You'll be in a clean, healthy environment. All spatulas, files and gloves are single-use. The beauty bed is disinfected after each client.<\/strong><\/p>\n\n\n\n<div style=\"height:29px\" aria-hidden=\"true\" class=\"wp-block-spacer\"><\/div>\n\n\n\n<hr class=\"wp-block-separator has-alpha-channel-opacity\"\/>\n\n\n\n<h4 class=\"wp-block-heading\" id=\"epilations\">Waxing <\/h4>\n\n\n\n<p>With hypoallergenic, organic, rosin-free wax.<\/p>\n\n\n\n<ul class=\"wp-block-list\">\n<li>Eyebrow waxing and tweezing, $18<\/li>\n\n\n\n<li>Upper lips,  $10<\/li>\n\n\n\n<li>Chin, $12<\/li>\n\n\n\n<li>Underarms, $20<\/li>\n\n\n\n<li>Half arms, $28<\/li>\n\n\n\n<li>Full arms, $38<\/li>\n\n\n\n<li>Belly, $30<\/li>\n\n\n\n<li>French bikini, $35<\/li>\n\n\n\n<li>Brazilian, $48 <\/li>\n\n\n\n<li>Half legs, $40<\/li>\n\n\n\n<li>Full legs, $60<\/li>\n\n\n\n<li>Full back, $45<\/li>\n<\/ul>\n\n\n\n<hr class=\"wp-block-separator has-alpha-channel-opacity\"\/>\n\n\n\n<h4 class=\"wp-block-heading\" id=\"soin_visage\">Personalized Radiance Facial Treatment<\/h4>\n\n\n\n<p>Depending on your skin's needs, I will provide a customized treatment. This treatment includes a facial steam, which will deeply cleanse your skin, leaving it glowing. It also includes a short neck and shoulder massage.<\/p>\n\n\n\n<p>$58<\/p>\n\n\n\n<hr class=\"wp-block-separator has-alpha-channel-opacity\"\/>\n\n\n\n<h4 class=\"wp-block-heading\" id=\"soin_capillaire\">Cosaan capillary massage<\/h4>\n\n\n\n<p>The scalp and hair will be massaged with a 100% natural <a href=\"https:\/\/cosaancosmetics.com\" title=\"\">Cosaan<\/a> hair elixir. The massage will leave your hair and scalp revitalized, improve blood circulation and promote hair growth.<\/p>\n\n\n\n<p> $45<\/p>\n\n\n\n<p><strong>Note<\/strong>: Hair must be washed at home after this treatement.<\/p>\n\n\n\n<hr class=\"wp-block-separator has-alpha-channel-opacity\"\/>\n\n\n\n<h4 class=\"wp-block-heading\" id=\"hydra_plus\">Nourishing foot or hand mask<\/h4>\n\n\n\n<p>Our ultra-nourishing treatment will deeply nourish your feet and hands. This treatment comes with a short massage.<\/p>\n\n\n\n<p> $38<\/p>\n\n\n\n<div style=\"height:39px\" aria-hidden=\"true\" class=\"wp-block-spacer\"><\/div>\n\n\n\n<p class=\"has-medium-font-size\"><strong>Payment methods: Debit and credit cards.<br>Please note that taxes are not included.<\/strong><\/p>","protected":false},"excerpt":{"rendered":"<p>J\u2019offre des prestations personnalis\u00e9es pour femme uniquemement. J&rsquo;utilise une d\u00e9marche holistique (saine et naturelle) pour r\u00e9v\u00e9ler votre beaut\u00e9! Vous serez dans un environnement sain et propre. Toutes les spatules, limes, gants sont \u00e0 usage unique. Le lit de beaut\u00e9 est d\u00e9sinfect\u00e9 apr\u00e8s chaque cliente. Epilations A la cire hypoallerg\u00e9nique, bio et sans colophane. Soin du [&hellip;]<\/p>","protected":false},"author":1,"featured_media":0,"parent":0,"menu_order":0,"comment_status":"closed","ping_status":"closed","template":"","meta":{"_monsterinsights_skip_tracking":false,"_monsterinsights_sitenote_active":false,"_monsterinsights_sitenote_note":"","_monsterinsights_sitenote_category":0,"footnotes":""},"class_list":["post-58","page","type-page","status-publish","hentry"],"aioseo_notices":[],"_links":{"self":[{"href":"https:\/\/escalerelax.ca\/en\/wp-json\/wp\/v2\/pages\/58","targetHints":{"allow":["GET"]}}],"collection":[{"href":"https:\/\/escalerelax.ca\/en\/wp-json\/wp\/v2\/pages"}],"about":[{"href":"https:\/\/escalerelax.ca\/en\/wp-json\/wp\/v2\/types\/page"}],"author":[{"embeddable":true,"href":"https:\/\/escalerelax.ca\/en\/wp-json\/wp\/v2\/users\/1"}],"replies":[{"embeddable":true,"href":"https:\/\/escalerelax.ca\/en\/wp-json\/wp\/v2\/comments?post=58"}],"version-history":[{"count":92,"href":"https:\/\/escalerelax.ca\/en\/wp-json\/wp\/v2\/pages\/58\/revisions"}],"predecessor-version":[{"id":786,"href":"https:\/\/escalerelax.ca\/en\/wp-json\/wp\/v2\/pages\/58\/revisions\/786"}],"wp:attachment":[{"href":"https:\/\/escalerelax.ca\/en\/wp-json\/wp\/v2\/media?parent=58"}],"curies":[{"name":"wp","href":"https:\/\/api.w.org\/{rel}","templated":true}]}}