{"id":60,"date":"2023-10-17T22:19:27","date_gmt":"2023-10-18T02:19:27","guid":{"rendered":"https:\/\/escalerelax.ca\/?page_id=60"},"modified":"2025-11-27T21:05:27","modified_gmt":"2025-11-28T02:05:27","slug":"presentation","status":"publish","type":"page","link":"https:\/\/escalerelax.ca\/en\/presentation\/","title":{"rendered":"About us"},"content":{"rendered":"<h2 class=\"wp-block-heading\"><strong>Discover the holistic approach<\/strong><\/h2>\n\n\n\n<div style=\"height:22px\" aria-hidden=\"true\" class=\"wp-block-spacer\"><\/div>\n\n\n\n<p>The concept of the holistic approach to beauty is to treat beauty and well-being together. It means integrating a global skincare routine that takes into account well-being and lifestyle. It's not just about looking good, it's about feeling good. In our institute and our range of products <a href=\"https:\/\/cosaancosmetics.com\" title=\"\">Cosaan Cosmetics<\/a> we adopt a simple, gentle, more minimalist skincare routine with effective, more natural and non-toxic ingredients that respect your skin's balance.<\/p>\n\n\n\n<div style=\"height:100px\" aria-hidden=\"true\" class=\"wp-block-spacer\"><\/div>\n\n\n\n<div class=\"wp-block-media-text is-stacked-on-mobile is-style-rounded\" style=\"grid-template-columns:23% auto\"><figure class=\"wp-block-media-text__media\"><img loading=\"lazy\" decoding=\"async\" width=\"768\" height=\"1024\" src=\"http:\/\/escalerelax.ca\/wp-content\/uploads\/2023\/12\/20231231_140358-768x1024.jpg\" alt=\"\" class=\"wp-image-361 size-full\" srcset=\"https:\/\/escalerelax.ca\/wp-content\/uploads\/2023\/12\/20231231_140358-768x1024.jpg 768w, https:\/\/escalerelax.ca\/wp-content\/uploads\/2023\/12\/20231231_140358-225x300.jpg 225w, https:\/\/escalerelax.ca\/wp-content\/uploads\/2023\/12\/20231231_140358-1152x1536.jpg 1152w, https:\/\/escalerelax.ca\/wp-content\/uploads\/2023\/12\/20231231_140358-1536x2048.jpg 1536w, https:\/\/escalerelax.ca\/wp-content\/uploads\/2023\/12\/20231231_140358-9x12.jpg 9w, https:\/\/escalerelax.ca\/wp-content\/uploads\/2023\/12\/20231231_140358-scaled.jpg 1920w\" sizes=\"auto, (max-width: 768px) 100vw, 768px\" \/><\/figure><div class=\"wp-block-media-text__content\">\n<h2 class=\"wp-block-heading\">About the fonder<\/h2>\n\n\n\n<div style=\"height:32px\" aria-hidden=\"true\" class=\"wp-block-spacer\"><\/div>\n\n\n\n<p class=\"has-small-font-size\">My name is Marianne, and I've been qualified in aesthetics\/cosmetics for 17 years and in well-being massage for 9 years, both in Paris, France. During all these years of experience, I have learned a lot in my profession. In my institute in Stittsville, I have created an environment of absolute well-being with a holistic approach that prioritizes natural, non-toxic ingredients. Wellness is a whole. To achieve it, you need to take time for yourself and understand your body. I'll give you wellness advice and treat your skin with respect and delicacy, using high-quality natural cosmetics. I created the <a href=\"https:\/\/cosaancosmetics.com\" title=\"\">Cosaan Cosmetics<\/a> range to reflect these values.<\/p>\n\n\n\n<div style=\"height:32px\" aria-hidden=\"true\" class=\"wp-block-spacer\"><\/div>\n\n\n\n<p>Marianne<\/p>\n<\/div><\/div>\n\n\n\n<p class=\"has-medium-font-size\"><\/p>\n\n\n\n<p class=\"has-medium-font-size\"><\/p>\n\n\n\n<p><\/p>\n\n\n\n<p><\/p>\n\n\n\n<p><\/p>\n\n\n\n<p><\/p>","protected":false},"excerpt":{"rendered":"<p>D\u00e9couvrez l\u2019approche holistique Le concept de l\u2019approche holistique de la beaut\u00e9 c\u2019est de traiter la beaut\u00e9 et le bien-\u00eatre ensemble. C\u2019est d\u2019int\u00e9grer une routine de soin global prenant en compte le bien-\u00eatre et l\u2019hygi\u00e8ne de vie. Ne plus chercher seulement \u00e0 \u00eatre beau mais \u00e0 \u00eatre bien dans son corps. Dans notre institut et notre [&hellip;]<\/p>","protected":false},"author":1,"featured_media":0,"parent":0,"menu_order":0,"comment_status":"closed","ping_status":"closed","template":"","meta":{"_monsterinsights_skip_tracking":false,"_monsterinsights_sitenote_active":false,"_monsterinsights_sitenote_note":"","_monsterinsights_sitenote_category":0,"footnotes":""},"class_list":["post-60","page","type-page","status-publish","hentry"],"aioseo_notices":[],"_links":{"self":[{"href":"https:\/\/escalerelax.ca\/en\/wp-json\/wp\/v2\/pages\/60","targetHints":{"allow":["GET"]}}],"collection":[{"href":"https:\/\/escalerelax.ca\/en\/wp-json\/wp\/v2\/pages"}],"about":[{"href":"https:\/\/escalerelax.ca\/en\/wp-json\/wp\/v2\/types\/page"}],"author":[{"embeddable":true,"href":"https:\/\/escalerelax.ca\/en\/wp-json\/wp\/v2\/users\/1"}],"replies":[{"embeddable":true,"href":"https:\/\/escalerelax.ca\/en\/wp-json\/wp\/v2\/comments?post=60"}],"version-history":[{"count":61,"href":"https:\/\/escalerelax.ca\/en\/wp-json\/wp\/v2\/pages\/60\/revisions"}],"predecessor-version":[{"id":788,"href":"https:\/\/escalerelax.ca\/en\/wp-json\/wp\/v2\/pages\/60\/revisions\/788"}],"wp:attachment":[{"href":"https:\/\/escalerelax.ca\/en\/wp-json\/wp\/v2\/media?parent=60"}],"curies":[{"name":"wp","href":"https:\/\/api.w.org\/{rel}","templated":true}]}}